{"id":289,"date":"2025-10-12T15:45:00","date_gmt":"2025-10-12T13:45:00","guid":{"rendered":"https:\/\/www.lumo-audio.de\/?page_id=289"},"modified":"2025-10-12T16:56:36","modified_gmt":"2025-10-12T14:56:36","slug":"impressum","status":"publish","type":"page","link":"https:\/\/www.lumo-audio.de\/?page_id=289","title":{"rendered":"Impressum"},"content":{"rendered":"\n<h1 class=\"wp-block-heading\"><\/h1>\n\n\n\n<h2 class=\"wp-block-heading\">Angaben gem\u00e4\u00df \u00a7 5 TMG<\/h2>\n\n\n\n<p>\u200dHannes Gottschalk<\/p>\n\n\n\n<p>Lumo Audio | Hannes Gottschalk<\/p>\n\n\n\n<p>Schl\u00fcterstr. 3a<\/p>\n\n\n\n<p>99089 Erfurt<br>\u200d<\/p>\n\n\n\n<h2 class=\"wp-block-heading\">Kontakt<\/h2>\n\n\n\n<p>Telefon: +49 155 65130617<br>E-Mail: info@lumo-audio.de<br>\u200d<\/p>\n\n\n\n<h2 class=\"wp-block-heading\">Umsatzsteuer<\/h2>\n\n\n\n<p>Umsatzsteuer-Identifikationsnummer gem\u00e4\u00df \u00a727 a Umsatzsteuergesetz:<br>DE-456687830<br>\u200d<\/p>\n\n\n\n<h2 class=\"wp-block-heading\">Streitschlichtung<\/h2>\n\n\n\n<p>Die Europ\u00e4ische Kommission stellt eine Plattform zur Online-Streitbeilegung (OS) bereit: <a href=\"https:\/\/ec.europa.eu\/consumers\/odr\" target=\"_blank\" rel=\"noreferrer noopener\">https:\/\/ec.europa.eu\/consumers\/odr<\/a>. Unsere E-Mail-Adresse finden Sie oben im Impressum. Wir sind nicht bereit oder verpflichtet, an Streitbeilegungsverfahren vor einer Verbraucherschlichtungsstelle teilzunehmen.<br>\u200d<\/p>\n\n\n\n<h2 class=\"wp-block-heading\">Haftung f\u00fcr Inhalte<\/h2>\n\n\n\n<p>Als Diensteanbieter sind wir gem\u00e4\u00df \u00a7 7 Abs.1 TMG f\u00fcr eigene Inhalte auf diesen Seiten nach den allgemeinen Gesetzen verantwortlich. Nach \u00a7\u00a7 8 bis 10 TMG sind wir als Diensteanbieter jedoch nicht verpflichtet, \u00fcbermittelte oder gespeicherte fremde Informationen zu \u00fcberwachen oder nach Umst\u00e4nden zu forschen, die auf eine rechtswidrige T\u00e4tigkeit hinweisen.Verpflichtungen zur Entfernung oder Sperrung der Nutzung von Informationen nach den allgemeinen Gesetzen bleiben hiervon unber\u00fchrt. Eine diesbez\u00fcgliche Haftung ist jedoch erst ab dem Zeitpunkt der Kenntnis einer konkreten Rechtsverletzung m\u00f6glich. Bei Bekanntwerden von entsprechenden Rechtsverletzungen werden wir diese Inhalte umgehend entfernen.<br>\u200d<\/p>\n\n\n\n<h2 class=\"wp-block-heading\">Haftung f\u00fcr Links<\/h2>\n\n\n\n<p>Unser Angebot enth\u00e4lt Links zu externen Websites Dritter, auf deren Inhalte wir keinen Einfluss haben. Deshalb k\u00f6nnen wir f\u00fcr diese fremden Inhalte auch keine Gew\u00e4hr \u00fcbernehmen. F\u00fcr die Inhalte der verlinkten Seiten ist stets der jeweilige Anbieter oder Betreiber der Seiten verantwortlich. Die verlinkten Seiten wurden zum Zeitpunkt der Verlinkung auf m\u00f6gliche Rechtsverst\u00f6\u00dfe \u00fcberpr\u00fcft. Rechtswidrige Inhalte waren zum Zeitpunkt der Verlinkung nicht erkennbar.Eine permanente inhaltliche Kontrolle der verlinkten Seiten ist jedoch ohne konkrete Anhaltspunkte einer Rechtsverletzung nicht zumutbar. Bei Bekanntwerden von Rechtsverletzungen werden wir derartige Links umgehend entfernen.<\/p>\n\n\n\n<p>Die durch die Seitenbetreiber erstellten Inhalte und Werke auf diesen Seiten unterliegen dem deutschen Urheberrecht. Die Vervielf\u00e4ltigung, Bearbeitung, Verbreitung und jede Art der Verwertung au\u00dferhalb der Grenzen des Urheberrechtes bed\u00fcrfen der schriftlichen Zustimmung des jeweiligen Autors bzw. Erstellers. Downloads und Kopien dieser Seite sind nur f\u00fcr den privaten, nicht kommerziellen Gebrauch gestattet.Soweit die Inhalte auf dieser Seite nicht vom Betreiber erstellt wurden, werden die Urheberrechte Dritter beachtet. Insbesondere werden Inhalte Dritter als solche gekennzeichnet. Sollten Sie trotzdem auf eine Urheberrechtsverletzung aufmerksam werden, bitten wir um einen entsprechenden Hinweis. Bei Bekanntwerden von Rechtsverletzungen werden wir derartige Inhalte umgehend entfernen.<\/p>\n\n\n\n<h2 class=\"wp-block-heading\">Bildnachweis<\/h2>\n\n\n\n<p>Ein Teil der Bilder sind eigene. Sonstige Bilder\u00a0mit freundlicher Genehmigung von Audio Note UK, Unsplash.com. <\/p>\n","protected":false},"excerpt":{"rendered":"<p>Angaben gem\u00e4\u00df \u00a7 5 TMG \u200dHannes Gottschalk Lumo Audio | Hannes Gottschalk Schl\u00fcterstr. 3a 99089 Erfurt\u200d Kontakt Telefon: +49 155 65130617E-Mail: info@lumo-audio.de\u200d Umsatzsteuer Umsatzsteuer-Identifikationsnummer gem\u00e4\u00df \u00a727 a Umsatzsteuergesetz:DE-456687830\u200d Streitschlichtung Die Europ\u00e4ische Kommission stellt eine Plattform zur Online-Streitbeilegung (OS) bereit: https:\/\/ec.europa.eu\/consumers\/odr. Unsere E-Mail-Adresse finden Sie oben im Impressum. Wir sind nicht bereit oder verpflichtet, an Streitbeilegungsverfahren &hellip; <\/p>\n<p class=\"link-more\"><a href=\"https:\/\/www.lumo-audio.de\/?page_id=289\" class=\"more-link\">Read more<span class=\"screen-reader-text\"> &#8220;Impressum&#8221;<\/span><\/a><\/p>\n","protected":false},"author":1,"featured_media":0,"parent":0,"menu_order":0,"comment_status":"closed","ping_status":"closed","template":"","meta":{"footnotes":""},"class_list":["post-289","page","type-page","status-publish","hentry"],"yoast_head":"<!-- This site is optimized with the Yoast SEO plugin v26.5 - https:\/\/yoast.com\/wordpress\/plugins\/seo\/ -->\n<title>Impressum - Lumo Audio<\/title>\n<meta name=\"robots\" content=\"index, follow, max-snippet:-1, max-image-preview:large, max-video-preview:-1\" \/>\n<link rel=\"canonical\" href=\"https:\/\/www.lumo-audio.de\/?page_id=289\" \/>\n<meta property=\"og:locale\" content=\"en_US\" \/>\n<meta property=\"og:type\" content=\"article\" \/>\n<meta property=\"og:title\" content=\"Impressum - Lumo Audio\" \/>\n<meta property=\"og:description\" content=\"Angaben gem\u00e4\u00df \u00a7 5 TMG \u200dHannes Gottschalk Lumo Audio | Hannes Gottschalk Schl\u00fcterstr. 3a 99089 Erfurt\u200d Kontakt Telefon: +49 155 65130617E-Mail: info@lumo-audio.de\u200d Umsatzsteuer Umsatzsteuer-Identifikationsnummer gem\u00e4\u00df \u00a727 a Umsatzsteuergesetz:DE-456687830\u200d Streitschlichtung Die Europ\u00e4ische Kommission stellt eine Plattform zur Online-Streitbeilegung (OS) bereit: https:\/\/ec.europa.eu\/consumers\/odr. Unsere E-Mail-Adresse finden Sie oben im Impressum. Wir sind nicht bereit oder verpflichtet, an Streitbeilegungsverfahren &hellip; Read more &quot;Impressum&quot;\" \/>\n<meta property=\"og:url\" content=\"https:\/\/www.lumo-audio.de\/?page_id=289\" \/>\n<meta property=\"og:site_name\" content=\"Lumo Audio\" \/>\n<meta property=\"article:modified_time\" content=\"2025-10-12T14:56:36+00:00\" \/>\n<meta name=\"twitter:card\" content=\"summary_large_image\" \/>\n<meta name=\"twitter:label1\" content=\"Est. reading time\" \/>\n\t<meta name=\"twitter:data1\" content=\"3 minutes\" \/>\n<script type=\"application\/ld+json\" class=\"yoast-schema-graph\">{\"@context\":\"https:\/\/schema.org\",\"@graph\":[{\"@type\":\"WebPage\",\"@id\":\"https:\/\/www.lumo-audio.de\/?page_id=289\",\"url\":\"https:\/\/www.lumo-audio.de\/?page_id=289\",\"name\":\"Impressum - Lumo Audio\",\"isPartOf\":{\"@id\":\"https:\/\/www.lumo-audio.de\/#website\"},\"datePublished\":\"2025-10-12T13:45:00+00:00\",\"dateModified\":\"2025-10-12T14:56:36+00:00\",\"breadcrumb\":{\"@id\":\"https:\/\/www.lumo-audio.de\/?page_id=289#breadcrumb\"},\"inLanguage\":\"en-US\",\"potentialAction\":[{\"@type\":\"ReadAction\",\"target\":[\"https:\/\/www.lumo-audio.de\/?page_id=289\"]}]},{\"@type\":\"BreadcrumbList\",\"@id\":\"https:\/\/www.lumo-audio.de\/?page_id=289#breadcrumb\",\"itemListElement\":[{\"@type\":\"ListItem\",\"position\":1,\"name\":\"Startseite\",\"item\":\"https:\/\/www.lumo-audio.de\/\"},{\"@type\":\"ListItem\",\"position\":2,\"name\":\"Impressum\"}]},{\"@type\":\"WebSite\",\"@id\":\"https:\/\/www.lumo-audio.de\/#website\",\"url\":\"https:\/\/www.lumo-audio.de\/\",\"name\":\"Lumo Audio\",\"description\":\"\",\"publisher\":{\"@id\":\"https:\/\/www.lumo-audio.de\/#organization\"},\"potentialAction\":[{\"@type\":\"SearchAction\",\"target\":{\"@type\":\"EntryPoint\",\"urlTemplate\":\"https:\/\/www.lumo-audio.de\/?s={search_term_string}\"},\"query-input\":{\"@type\":\"PropertyValueSpecification\",\"valueRequired\":true,\"valueName\":\"search_term_string\"}}],\"inLanguage\":\"en-US\"},{\"@type\":\"Organization\",\"@id\":\"https:\/\/www.lumo-audio.de\/#organization\",\"name\":\"Lumo Audio\",\"url\":\"https:\/\/www.lumo-audio.de\/\",\"logo\":{\"@type\":\"ImageObject\",\"inLanguage\":\"en-US\",\"@id\":\"https:\/\/www.lumo-audio.de\/#\/schema\/logo\/image\/\",\"url\":\"https:\/\/www.lumo-audio.de\/wp-content\/uploads\/2025\/09\/lumoaudio_logo_negativ-scaled.jpg\",\"contentUrl\":\"https:\/\/www.lumo-audio.de\/wp-content\/uploads\/2025\/09\/lumoaudio_logo_negativ-scaled.jpg\",\"width\":2560,\"height\":1125,\"caption\":\"Lumo Audio\"},\"image\":{\"@id\":\"https:\/\/www.lumo-audio.de\/#\/schema\/logo\/image\/\"}}]}<\/script>\n<!-- \/ Yoast SEO plugin. -->","yoast_head_json":{"title":"Impressum - Lumo Audio","robots":{"index":"index","follow":"follow","max-snippet":"max-snippet:-1","max-image-preview":"max-image-preview:large","max-video-preview":"max-video-preview:-1"},"canonical":"https:\/\/www.lumo-audio.de\/?page_id=289","og_locale":"en_US","og_type":"article","og_title":"Impressum - Lumo Audio","og_description":"Angaben gem\u00e4\u00df \u00a7 5 TMG \u200dHannes Gottschalk Lumo Audio | Hannes Gottschalk Schl\u00fcterstr. 3a 99089 Erfurt\u200d Kontakt Telefon: +49 155 65130617E-Mail: info@lumo-audio.de\u200d Umsatzsteuer Umsatzsteuer-Identifikationsnummer gem\u00e4\u00df \u00a727 a Umsatzsteuergesetz:DE-456687830\u200d Streitschlichtung Die Europ\u00e4ische Kommission stellt eine Plattform zur Online-Streitbeilegung (OS) bereit: https:\/\/ec.europa.eu\/consumers\/odr. Unsere E-Mail-Adresse finden Sie oben im Impressum. Wir sind nicht bereit oder verpflichtet, an Streitbeilegungsverfahren &hellip; Read more \"Impressum\"","og_url":"https:\/\/www.lumo-audio.de\/?page_id=289","og_site_name":"Lumo Audio","article_modified_time":"2025-10-12T14:56:36+00:00","twitter_card":"summary_large_image","twitter_misc":{"Est. reading time":"3 minutes"},"schema":{"@context":"https:\/\/schema.org","@graph":[{"@type":"WebPage","@id":"https:\/\/www.lumo-audio.de\/?page_id=289","url":"https:\/\/www.lumo-audio.de\/?page_id=289","name":"Impressum - Lumo Audio","isPartOf":{"@id":"https:\/\/www.lumo-audio.de\/#website"},"datePublished":"2025-10-12T13:45:00+00:00","dateModified":"2025-10-12T14:56:36+00:00","breadcrumb":{"@id":"https:\/\/www.lumo-audio.de\/?page_id=289#breadcrumb"},"inLanguage":"en-US","potentialAction":[{"@type":"ReadAction","target":["https:\/\/www.lumo-audio.de\/?page_id=289"]}]},{"@type":"BreadcrumbList","@id":"https:\/\/www.lumo-audio.de\/?page_id=289#breadcrumb","itemListElement":[{"@type":"ListItem","position":1,"name":"Startseite","item":"https:\/\/www.lumo-audio.de\/"},{"@type":"ListItem","position":2,"name":"Impressum"}]},{"@type":"WebSite","@id":"https:\/\/www.lumo-audio.de\/#website","url":"https:\/\/www.lumo-audio.de\/","name":"Lumo Audio","description":"","publisher":{"@id":"https:\/\/www.lumo-audio.de\/#organization"},"potentialAction":[{"@type":"SearchAction","target":{"@type":"EntryPoint","urlTemplate":"https:\/\/www.lumo-audio.de\/?s={search_term_string}"},"query-input":{"@type":"PropertyValueSpecification","valueRequired":true,"valueName":"search_term_string"}}],"inLanguage":"en-US"},{"@type":"Organization","@id":"https:\/\/www.lumo-audio.de\/#organization","name":"Lumo Audio","url":"https:\/\/www.lumo-audio.de\/","logo":{"@type":"ImageObject","inLanguage":"en-US","@id":"https:\/\/www.lumo-audio.de\/#\/schema\/logo\/image\/","url":"https:\/\/www.lumo-audio.de\/wp-content\/uploads\/2025\/09\/lumoaudio_logo_negativ-scaled.jpg","contentUrl":"https:\/\/www.lumo-audio.de\/wp-content\/uploads\/2025\/09\/lumoaudio_logo_negativ-scaled.jpg","width":2560,"height":1125,"caption":"Lumo Audio"},"image":{"@id":"https:\/\/www.lumo-audio.de\/#\/schema\/logo\/image\/"}}]}},"_links":{"self":[{"href":"https:\/\/www.lumo-audio.de\/index.php?rest_route=\/wp\/v2\/pages\/289","targetHints":{"allow":["GET"]}}],"collection":[{"href":"https:\/\/www.lumo-audio.de\/index.php?rest_route=\/wp\/v2\/pages"}],"about":[{"href":"https:\/\/www.lumo-audio.de\/index.php?rest_route=\/wp\/v2\/types\/page"}],"author":[{"embeddable":true,"href":"https:\/\/www.lumo-audio.de\/index.php?rest_route=\/wp\/v2\/users\/1"}],"replies":[{"embeddable":true,"href":"https:\/\/www.lumo-audio.de\/index.php?rest_route=%2Fwp%2Fv2%2Fcomments&post=289"}],"version-history":[{"count":2,"href":"https:\/\/www.lumo-audio.de\/index.php?rest_route=\/wp\/v2\/pages\/289\/revisions"}],"predecessor-version":[{"id":295,"href":"https:\/\/www.lumo-audio.de\/index.php?rest_route=\/wp\/v2\/pages\/289\/revisions\/295"}],"wp:attachment":[{"href":"https:\/\/www.lumo-audio.de\/index.php?rest_route=%2Fwp%2Fv2%2Fmedia&parent=289"}],"curies":[{"name":"wp","href":"https:\/\/api.w.org\/{rel}","templated":true}]}}